{"id":48088,"date":"2025-04-22T10:32:56","date_gmt":"2025-04-22T16:32:56","guid":{"rendered":"https:\/\/www.villasriomar.com\/chambres-tarifs-reservation\/tarifs-et-disponibilite-hotel-villas-rio-mar\/"},"modified":"2025-05-08T05:37:35","modified_gmt":"2025-05-08T11:37:35","slug":"tarifs-et-disponibilite-hotel-villas-rio-mar","status":"publish","type":"page","link":"https:\/\/www.villasriomar.com\/fr\/chambres-tarifs-reservation\/tarifs-et-disponibilite-hotel-villas-rio-mar\/","title":{"rendered":"Tarifs et disponibilit\u00e9 Hotel Villas Rio Mar"},"content":{"rendered":"<p>[et_pb_section fb_built=\u00a0\u00bb1&Prime; custom_padding_last_edited=\u00a0\u00bbon|phone\u00a0\u00bb _builder_version=\u00a0\u00bb4.16&Prime; background_color=\u00a0\u00bbrgba(255,255,255,0)\u00a0\u00bb custom_padding=\u00a0\u00bb8px|0px|11px|0px\u00a0\u00bb custom_padding_tablet=\u00a0\u00bb\u00a0\u00bb custom_padding_phone=\u00a0\u00bb\u00a0\u00bb global_colors_info=\u00a0\u00bb{}\u00a0\u00bb][et_pb_row column_structure=\u00a0\u00bb1_3,1_3,1_3&Prime; padding_mobile=\u00a0\u00bboff\u00a0\u00bb column_padding_mobile=\u00a0\u00bbon\u00a0\u00bb module_class=\u00a0\u00bb et_pb_row_fullwidth\u00a0\u00bb _builder_version=\u00a0\u00bb4.16&Prime; background_size=\u00a0\u00bbinitial\u00a0\u00bb background_position=\u00a0\u00bbtop_left\u00a0\u00bb background_repeat=\u00a0\u00bbrepeat\u00a0\u00bb width=\u00a0\u00bb89%\u00a0\u00bb width_tablet=\u00a0\u00bb80%\u00a0\u00bb width_phone=\u00a0\u00bb\u00a0\u00bb width_last_edited=\u00a0\u00bbon|desktop\u00a0\u00bb max_width=\u00a0\u00bb89%\u00a0\u00bb max_width_tablet=\u00a0\u00bb80%\u00a0\u00bb max_width_phone=\u00a0\u00bb\u00a0\u00bb max_width_last_edited=\u00a0\u00bbon|desktop\u00a0\u00bb custom_margin=\u00a0\u00bb-310px|||\u00a0\u00bb custom_margin_tablet=\u00a0\u00bb\u00a0\u00bb custom_margin_phone=\u00a0\u00bb-330px|||\u00a0\u00bb custom_margin_last_edited=\u00a0\u00bbon|phone\u00a0\u00bb make_fullwidth=\u00a0\u00bbon\u00a0\u00bb global_colors_info=\u00a0\u00bb{}\u00a0\u00bb][et_pb_column type=\u00a0\u00bb1_3&Prime; _builder_version=\u00a0\u00bb4.16&Prime; background_color=\u00a0\u00bbrgba(0,0,0,0)\u00a0\u00bb custom_padding=\u00a0\u00bb|||\u00a0\u00bb global_colors_info=\u00a0\u00bb{}\u00a0\u00bb custom_padding__hover=\u00a0\u00bb|||\u00a0\u00bb][et_pb_text disabled_on=\u00a0\u00bboff||\u00a0\u00bb admin_label=\u00a0\u00bbH1 &#038; short intro\u00a0\u00bb _builder_version=\u00a0\u00bb4.16&Prime; text_font=\u00a0\u00bbRaleway Light||||\u00a0\u00bb text_text_color=\u00a0\u00bb#f9f9f9&Prime; text_font_size=\u00a0\u00bb18&Prime; header_font_size=\u00a0\u00bb33px\u00a0\u00bb background_color=\u00a0\u00bbrgba(0,0,0,0.59)\u00a0\u00bb background_size=\u00a0\u00bbinitial\u00a0\u00bb background_position=\u00a0\u00bbtop_left\u00a0\u00bb background_repeat=\u00a0\u00bbrepeat\u00a0\u00bb text_orientation=\u00a0\u00bbcenter\u00a0\u00bb module_alignment=\u00a0\u00bbcenter\u00a0\u00bb custom_margin_tablet=\u00a0\u00bb\u00a0\u00bb custom_margin_phone=\u00a0\u00bb\u00a0\u00bb custom_margin_last_edited=\u00a0\u00bbon|phone\u00a0\u00bb custom_padding=\u00a0\u00bb30px|30px|20px|30px\u00a0\u00bb header_font_size_tablet=\u00a0\u00bb\u00a0\u00bb header_font_size_phone=\u00a0\u00bb26px\u00a0\u00bb header_font_size_last_edited=\u00a0\u00bbon|phone\u00a0\u00bb global_colors_info=\u00a0\u00bb{}\u00a0\u00bb]<\/p>\n<h1>Tarifs et disponibilit\u00e9<\/h1>\n<p>R\u00e9servez directement l&rsquo;h\u00f4tel Villas Rio Mar au tarif le plus bas !<\/p>\n<p>[\/et_pb_text][\/et_pb_column][et_pb_column type=\u00a0\u00bb1_3&Prime; _builder_version=\u00a0\u00bb4.16&Prime; custom_padding=\u00a0\u00bb|||\u00a0\u00bb global_colors_info=\u00a0\u00bb{}\u00a0\u00bb custom_padding__hover=\u00a0\u00bb|||\u00a0\u00bb][et_pb_post_title title=\u00a0\u00bb\u00e9teint\u00a0\u00bb comments=\u00a0\u00bboff\u00a0\u00bb admin_label=\u00a0\u00bbPost Title\u00a0\u00bb _builder_version=\u00a0\u00bb4.16&Prime; background_color=\u00a0\u00bbrgba(255,255,255,0)\u00a0\u00bb parallax=\u00a0\u00bbon\u00a0\u00bb parallax_method=\u00a0\u00bboff\u00a0\u00bb custom_css_main_element=\u00a0\u00bbdisplay: none;\u00a0\u00bb use_border_color=\u00a0\u00bboff\u00a0\u00bb border_color=\u00a0\u00bb#ffffff\u00a0\u00bb border_style=\u00a0\u00bbsolid\u00a0\u00bb parallax_effect=\u00a0\u00bbon\u00a0\u00bb module_bg_color=\u00a0\u00bbrgba(255,255,255,0)\u00a0\u00bb saved_tabs=\u00a0\u00bball\u00a0\u00bb global_colors_info=\u00a0\u00bb{}\u00a0\u00bb][\/et_pb_post_title][\/et_pb_column][et_pb_column type=\u00a0\u00bb1_3&Prime; _builder_version=\u00a0\u00bb4.16&Prime; custom_padding=\u00a0\u00bb|||\u00a0\u00bb global_colors_info=\u00a0\u00bb{}\u00a0\u00bb custom_padding__hover=\u00a0\u00bb|||\u00a0\u00bb][\/et_pb_column][\/et_pb_row][\/et_pb_section][et_pb_section fb_built=\u00a0\u00bb1&Prime; custom_padding_last_edited=\u00a0\u00bbon|desktop\u00a0\u00bb _builder_version=\u00a0\u00bb4.27.0&Prime; use_background_color_gradient=\u00a0\u00bbon\u00a0\u00bb background_color_gradient_stops=\u00a0\u00bb#ffffff 0%|#e7d9af 100%\u00a0\u00bb custom_padding=\u00a0\u00bb18px|0px|20px|0px\u00a0\u00bb custom_padding_tablet=\u00a0\u00bb2px|0px|2px|0px\u00a0\u00bb custom_padding_phone=\u00a0\u00bb\u00a0\u00bb global_colors_info=\u00a0\u00bb{}\u00a0\u00bb][et_pb_row column_padding_mobile=\u00a0\u00bbon\u00a0\u00bb custom_padding_last_edited=\u00a0\u00bbon|desktop\u00a0\u00bb _builder_version=\u00a0\u00bb4.16&Prime; background_size=\u00a0\u00bbinitial\u00a0\u00bb background_position=\u00a0\u00bbtop_left\u00a0\u00bb background_repeat=\u00a0\u00bbrepeat\u00a0\u00bb custom_padding=\u00a0\u00bb27px|0px|0px|0px\u00a0\u00bb custom_padding_tablet=\u00a0\u00bb14px|0px|3px|0px\u00a0\u00bb custom_padding_phone=\u00a0\u00bb\u00a0\u00bb global_colors_info=\u00a0\u00bb{}\u00a0\u00bb][et_pb_column type=\u00a0\u00bb4_4&Prime; _builder_version=\u00a0\u00bb4.16&Prime; custom_padding=\u00a0\u00bb|||\u00a0\u00bb global_colors_info=\u00a0\u00bb{}\u00a0\u00bb custom_padding__hover=\u00a0\u00bb|||\u00a0\u00bb][et_pb_code admin_label=\u00a0\u00bbCalendrier\u00a0\u00bb _builder_version=\u00a0\u00bb4.27.4&Prime; hover_enabled=\u00a0\u00bb0&Prime; global_colors_info=\u00a0\u00bb{}\u00a0\u00bb sticky_enabled=\u00a0\u00bb0&Prime;]<script data-wpfc-render=\"false\" src=\"https:\/\/sky-us1.clock-software.com\/js\/iframe_integration.js\"><\/script><!-- [et_pb_line_break_holder] --><script data-wpfc-render=\"false\">clock_pms_iframe({ height: '2000px', width: '100%', seamless: 'seamless', frameborder: '0', src: 'https:\/\/sky-us1.clock-software.com\/41081\/8546\/wbe\/fr\/products\/calendar_new?wbe_product[nights]=2&wbe_product[adult_count]=2&wbe_product[children_count]=0' })<\/script><!-- [et_pb_line_break_holder] --><!-- [et_pb_line_break_holder] --><!-- [et_pb_line_break_holder] -->[\/et_pb_code][\/et_pb_column][\/et_pb_row][\/et_pb_section]<\/p>\n","protected":false},"excerpt":{"rendered":"<p>Tarifs et disponibilit\u00e9 R\u00e9servez directement l&rsquo;h\u00f4tel Villas Rio Mar au tarif le plus bas !<\/p>\n","protected":false},"author":13,"featured_media":0,"parent":48053,"menu_order":210,"comment_status":"closed","ping_status":"closed","template":"","meta":{"_et_pb_use_builder":"on","_et_pb_old_content":"","_et_gb_content_width":"","footnotes":""},"class_list":["post-48088","page","type-page","status-publish","hentry"],"yoast_head":"<!-- This site is optimized with the Yoast SEO plugin v27.0 - https:\/\/yoast.com\/product\/yoast-seo-wordpress\/ -->\n<title>Tarifs et disponibilit\u00e9 Calendrier Hotel Villas Rio Mar, Dominical, Costa Rica<\/title>\n<meta name=\"description\" content=\"Consultez nos tarifs pour les dates de votre s\u00e9jour \u00e0 Dominical &amp; Uvita, Costa Rica. Nous offrons les tarifs les plus bas en ligne ; nous avons toujours des promotions en cours !\" \/>\n<meta name=\"robots\" content=\"index, follow, max-snippet:-1, max-image-preview:large, max-video-preview:-1\" \/>\n<link rel=\"canonical\" href=\"https:\/\/www.villasriomar.com\/fr\/chambres-tarifs-reservation\/tarifs-et-disponibilite-hotel-villas-rio-mar\/\" \/>\n<meta property=\"og:locale\" content=\"fr_FR\" \/>\n<meta property=\"og:type\" content=\"article\" \/>\n<meta property=\"og:title\" content=\"Tarifs et disponibilit\u00e9 Calendrier Hotel Villas Rio Mar, Dominical, Costa Rica\" \/>\n<meta property=\"og:description\" content=\"Consultez nos tarifs pour les dates de votre s\u00e9jour \u00e0 Dominical &amp; Uvita, Costa Rica. Nous offrons les tarifs les plus bas en ligne ; nous avons toujours des promotions en cours !\" \/>\n<meta property=\"og:url\" content=\"https:\/\/www.villasriomar.com\/fr\/chambres-tarifs-reservation\/tarifs-et-disponibilite-hotel-villas-rio-mar\/\" \/>\n<meta property=\"og:site_name\" content=\"Villas Rio Mar | Eco Hotel in Dominical &amp; Uvita, Costa Rica\" \/>\n<meta property=\"article:publisher\" content=\"https:\/\/www.facebook.com\/villasriomar\/\" \/>\n<meta property=\"article:modified_time\" content=\"2025-05-08T11:37:35+00:00\" \/>\n<meta property=\"og:image\" content=\"https:\/\/www.villasriomar.com\/vrm\/wp-content\/uploads\/2025\/03\/Peeking-Cabana_2.webp\" \/>\n\t<meta property=\"og:image:width\" content=\"1200\" \/>\n\t<meta property=\"og:image:height\" content=\"750\" \/>\n\t<meta property=\"og:image:type\" content=\"image\/webp\" \/>\n<meta name=\"twitter:card\" content=\"summary_large_image\" \/>\n<meta name=\"twitter:site\" content=\"@VillasRioMar\" \/>\n<meta name=\"twitter:label1\" content=\"Dur\u00e9e de lecture estim\u00e9e\" \/>\n\t<meta name=\"twitter:data1\" content=\"2 minutes\" \/>\n<script type=\"application\/ld+json\" class=\"yoast-schema-graph\">{\"@context\":\"https:\/\/schema.org\",\"@graph\":[{\"@type\":\"WebPage\",\"@id\":\"https:\/\/www.villasriomar.com\/fr\/chambres-tarifs-reservation\/tarifs-et-disponibilite-hotel-villas-rio-mar\/\",\"url\":\"https:\/\/www.villasriomar.com\/fr\/chambres-tarifs-reservation\/tarifs-et-disponibilite-hotel-villas-rio-mar\/\",\"name\":\"Tarifs et disponibilit\u00e9 Calendrier Hotel Villas Rio Mar, Dominical, Costa Rica\",\"isPartOf\":{\"@id\":\"https:\/\/www.villasriomar.com\/fr\/#website\"},\"datePublished\":\"2025-04-22T16:32:56+00:00\",\"dateModified\":\"2025-05-08T11:37:35+00:00\",\"description\":\"Consultez nos tarifs pour les dates de votre s\u00e9jour \u00e0 Dominical & Uvita, Costa Rica. Nous offrons les tarifs les plus bas en ligne ; nous avons toujours des promotions en cours !\",\"breadcrumb\":{\"@id\":\"https:\/\/www.villasriomar.com\/fr\/chambres-tarifs-reservation\/tarifs-et-disponibilite-hotel-villas-rio-mar\/#breadcrumb\"},\"inLanguage\":\"fr-FR\",\"potentialAction\":[{\"@type\":\"ReadAction\",\"target\":[\"https:\/\/www.villasriomar.com\/fr\/chambres-tarifs-reservation\/tarifs-et-disponibilite-hotel-villas-rio-mar\/\"]}]},{\"@type\":\"BreadcrumbList\",\"@id\":\"https:\/\/www.villasriomar.com\/fr\/chambres-tarifs-reservation\/tarifs-et-disponibilite-hotel-villas-rio-mar\/#breadcrumb\",\"itemListElement\":[{\"@type\":\"ListItem\",\"position\":1,\"name\":\"Home\",\"item\":\"https:\/\/www.villasriomar.com\/fr\/home\/\"},{\"@type\":\"ListItem\",\"position\":2,\"name\":\"Chambres &#8211; Tarifs &#8211; R\u00e9servation\",\"item\":\"https:\/\/www.villasriomar.com\/fr\/chambres-tarifs-reservation\/\"},{\"@type\":\"ListItem\",\"position\":3,\"name\":\"Tarifs et disponibilit\u00e9 Hotel Villas Rio Mar\"}]},{\"@type\":\"WebSite\",\"@id\":\"https:\/\/www.villasriomar.com\/fr\/#website\",\"url\":\"https:\/\/www.villasriomar.com\/fr\/\",\"name\":\"Villas Rio Mar | Eco Hotel in Dominical &amp; Uvita, Costa Rica\",\"description\":\"An Eco-Hotel a Walk from the Beach\",\"publisher\":{\"@id\":\"https:\/\/www.villasriomar.com\/fr\/#organization\"},\"potentialAction\":[{\"@type\":\"SearchAction\",\"target\":{\"@type\":\"EntryPoint\",\"urlTemplate\":\"https:\/\/www.villasriomar.com\/fr\/?s={search_term_string}\"},\"query-input\":{\"@type\":\"PropertyValueSpecification\",\"valueRequired\":true,\"valueName\":\"search_term_string\"}}],\"inLanguage\":\"fr-FR\"},{\"@type\":\"Organization\",\"@id\":\"https:\/\/www.villasriomar.com\/fr\/#organization\",\"name\":\"Villas Rio Mar Hotel\",\"url\":\"https:\/\/www.villasriomar.com\/fr\/\",\"logo\":{\"@type\":\"ImageObject\",\"inLanguage\":\"fr-FR\",\"@id\":\"https:\/\/www.villasriomar.com\/fr\/#\/schema\/logo\/image\/\",\"url\":\"https:\/\/www.villasriomar.com\/vrm\/wp-content\/uploads\/2024\/08\/RIO-MAR-LOGO_Mesa-de-trabajo-1.png\",\"contentUrl\":\"https:\/\/www.villasriomar.com\/vrm\/wp-content\/uploads\/2024\/08\/RIO-MAR-LOGO_Mesa-de-trabajo-1.png\",\"width\":3300,\"height\":907,\"caption\":\"Villas Rio Mar Hotel\"},\"image\":{\"@id\":\"https:\/\/www.villasriomar.com\/fr\/#\/schema\/logo\/image\/\"},\"sameAs\":[\"https:\/\/www.facebook.com\/villasriomar\/\",\"https:\/\/x.com\/VillasRioMar\",\"https:\/\/www.instagram.com\/hotel_villas_rio_mar\/\",\"https:\/\/www.linkedin.com\/company\/villas-rio-mar\",\"https:\/\/www.pinterest.com\/villasriomar\/\",\"https:\/\/www.youtube.com\/channel\/UCXCEvEdyx7O2wC3nXsAFTZg\"]}]}<\/script>\n<!-- \/ Yoast SEO plugin. -->","yoast_head_json":{"title":"Tarifs et disponibilit\u00e9 Calendrier Hotel Villas Rio Mar, Dominical, Costa Rica","description":"Consultez nos tarifs pour les dates de votre s\u00e9jour \u00e0 Dominical & Uvita, Costa Rica. Nous offrons les tarifs les plus bas en ligne ; nous avons toujours des promotions en cours !","robots":{"index":"index","follow":"follow","max-snippet":"max-snippet:-1","max-image-preview":"max-image-preview:large","max-video-preview":"max-video-preview:-1"},"canonical":"https:\/\/www.villasriomar.com\/fr\/chambres-tarifs-reservation\/tarifs-et-disponibilite-hotel-villas-rio-mar\/","og_locale":"fr_FR","og_type":"article","og_title":"Tarifs et disponibilit\u00e9 Calendrier Hotel Villas Rio Mar, Dominical, Costa Rica","og_description":"Consultez nos tarifs pour les dates de votre s\u00e9jour \u00e0 Dominical & Uvita, Costa Rica. Nous offrons les tarifs les plus bas en ligne ; nous avons toujours des promotions en cours !","og_url":"https:\/\/www.villasriomar.com\/fr\/chambres-tarifs-reservation\/tarifs-et-disponibilite-hotel-villas-rio-mar\/","og_site_name":"Villas Rio Mar | Eco Hotel in Dominical &amp; Uvita, Costa Rica","article_publisher":"https:\/\/www.facebook.com\/villasriomar\/","article_modified_time":"2025-05-08T11:37:35+00:00","og_image":[{"width":1200,"height":750,"url":"https:\/\/www.villasriomar.com\/vrm\/wp-content\/uploads\/2025\/03\/Peeking-Cabana_2.webp","type":"image\/webp"}],"twitter_card":"summary_large_image","twitter_site":"@VillasRioMar","twitter_misc":{"Dur\u00e9e de lecture estim\u00e9e":"2 minutes"},"schema":{"@context":"https:\/\/schema.org","@graph":[{"@type":"WebPage","@id":"https:\/\/www.villasriomar.com\/fr\/chambres-tarifs-reservation\/tarifs-et-disponibilite-hotel-villas-rio-mar\/","url":"https:\/\/www.villasriomar.com\/fr\/chambres-tarifs-reservation\/tarifs-et-disponibilite-hotel-villas-rio-mar\/","name":"Tarifs et disponibilit\u00e9 Calendrier Hotel Villas Rio Mar, Dominical, Costa Rica","isPartOf":{"@id":"https:\/\/www.villasriomar.com\/fr\/#website"},"datePublished":"2025-04-22T16:32:56+00:00","dateModified":"2025-05-08T11:37:35+00:00","description":"Consultez nos tarifs pour les dates de votre s\u00e9jour \u00e0 Dominical & Uvita, Costa Rica. Nous offrons les tarifs les plus bas en ligne ; nous avons toujours des promotions en cours !","breadcrumb":{"@id":"https:\/\/www.villasriomar.com\/fr\/chambres-tarifs-reservation\/tarifs-et-disponibilite-hotel-villas-rio-mar\/#breadcrumb"},"inLanguage":"fr-FR","potentialAction":[{"@type":"ReadAction","target":["https:\/\/www.villasriomar.com\/fr\/chambres-tarifs-reservation\/tarifs-et-disponibilite-hotel-villas-rio-mar\/"]}]},{"@type":"BreadcrumbList","@id":"https:\/\/www.villasriomar.com\/fr\/chambres-tarifs-reservation\/tarifs-et-disponibilite-hotel-villas-rio-mar\/#breadcrumb","itemListElement":[{"@type":"ListItem","position":1,"name":"Home","item":"https:\/\/www.villasriomar.com\/fr\/home\/"},{"@type":"ListItem","position":2,"name":"Chambres &#8211; Tarifs &#8211; R\u00e9servation","item":"https:\/\/www.villasriomar.com\/fr\/chambres-tarifs-reservation\/"},{"@type":"ListItem","position":3,"name":"Tarifs et disponibilit\u00e9 Hotel Villas Rio Mar"}]},{"@type":"WebSite","@id":"https:\/\/www.villasriomar.com\/fr\/#website","url":"https:\/\/www.villasriomar.com\/fr\/","name":"Villas Rio Mar | Eco Hotel in Dominical &amp; Uvita, Costa Rica","description":"An Eco-Hotel a Walk from the Beach","publisher":{"@id":"https:\/\/www.villasriomar.com\/fr\/#organization"},"potentialAction":[{"@type":"SearchAction","target":{"@type":"EntryPoint","urlTemplate":"https:\/\/www.villasriomar.com\/fr\/?s={search_term_string}"},"query-input":{"@type":"PropertyValueSpecification","valueRequired":true,"valueName":"search_term_string"}}],"inLanguage":"fr-FR"},{"@type":"Organization","@id":"https:\/\/www.villasriomar.com\/fr\/#organization","name":"Villas Rio Mar Hotel","url":"https:\/\/www.villasriomar.com\/fr\/","logo":{"@type":"ImageObject","inLanguage":"fr-FR","@id":"https:\/\/www.villasriomar.com\/fr\/#\/schema\/logo\/image\/","url":"https:\/\/www.villasriomar.com\/vrm\/wp-content\/uploads\/2024\/08\/RIO-MAR-LOGO_Mesa-de-trabajo-1.png","contentUrl":"https:\/\/www.villasriomar.com\/vrm\/wp-content\/uploads\/2024\/08\/RIO-MAR-LOGO_Mesa-de-trabajo-1.png","width":3300,"height":907,"caption":"Villas Rio Mar Hotel"},"image":{"@id":"https:\/\/www.villasriomar.com\/fr\/#\/schema\/logo\/image\/"},"sameAs":["https:\/\/www.facebook.com\/villasriomar\/","https:\/\/x.com\/VillasRioMar","https:\/\/www.instagram.com\/hotel_villas_rio_mar\/","https:\/\/www.linkedin.com\/company\/villas-rio-mar","https:\/\/www.pinterest.com\/villasriomar\/","https:\/\/www.youtube.com\/channel\/UCXCEvEdyx7O2wC3nXsAFTZg"]}]}},"_links":{"self":[{"href":"https:\/\/www.villasriomar.com\/fr\/wp-json\/wp\/v2\/pages\/48088","targetHints":{"allow":["GET"]}}],"collection":[{"href":"https:\/\/www.villasriomar.com\/fr\/wp-json\/wp\/v2\/pages"}],"about":[{"href":"https:\/\/www.villasriomar.com\/fr\/wp-json\/wp\/v2\/types\/page"}],"author":[{"embeddable":true,"href":"https:\/\/www.villasriomar.com\/fr\/wp-json\/wp\/v2\/users\/13"}],"replies":[{"embeddable":true,"href":"https:\/\/www.villasriomar.com\/fr\/wp-json\/wp\/v2\/comments?post=48088"}],"version-history":[{"count":0,"href":"https:\/\/www.villasriomar.com\/fr\/wp-json\/wp\/v2\/pages\/48088\/revisions"}],"up":[{"embeddable":true,"href":"https:\/\/www.villasriomar.com\/fr\/wp-json\/wp\/v2\/pages\/48053"}],"wp:attachment":[{"href":"https:\/\/www.villasriomar.com\/fr\/wp-json\/wp\/v2\/media?parent=48088"}],"curies":[{"name":"wp","href":"https:\/\/api.w.org\/{rel}","templated":true}]}}