{"id":49298,"date":"2025-05-11T11:22:54","date_gmt":"2025-05-11T17:22:54","guid":{"rendered":"https:\/\/www.villasriomar.com\/ueber-villas-rio-mar\/eco-resort\/"},"modified":"2025-09-29T09:11:44","modified_gmt":"2025-09-29T15:11:44","slug":"eco-resort","status":"publish","type":"page","link":"https:\/\/www.villasriomar.com\/de\/ueber-villas-rio-mar\/eco-resort\/","title":{"rendered":"Eco-Resort"},"content":{"rendered":"<?xml encoding=\"utf-8\" ?><p>[et_pb_section fb_built=&ldquo;1&Prime; custom_padding_last_edited=&ldquo;on|desktop&ldquo; admin_label=&ldquo;Section&ldquo; _builder_version=&ldquo;4.27.4&Prime; use_background_color_gradient=&ldquo;on&ldquo; background_color_gradient_stops=&ldquo;#ffffff 0%|#e7d9af 100%&ldquo; custom_padding=&ldquo;80px|0px|80px|0px&ldquo; custom_padding_tablet=&ldquo;42px|0px|50px|0px&ldquo; custom_padding_phone=&ldquo;28px|0px|50px|0px&ldquo; transparent_background=&ldquo;off&ldquo; padding_mobile=&ldquo;off&ldquo; global_colors_info=&ldquo;{}&ldquo;][et_pb_row column_structure=&ldquo;2_5,3_5&Prime; padding_mobile=&ldquo;off&ldquo; column_padding_mobile=&ldquo;on&ldquo; _builder_version=&ldquo;4.27.4&Prime; background_size=&ldquo;initial&ldquo; background_position=&ldquo;top_left&ldquo; background_repeat=&ldquo;repeat&ldquo; custom_padding=&ldquo;19px|0px|27px|0px&ldquo; custom_padding_tablet=&ldquo;18px|0px|30px|0px&ldquo; global_colors_info=&ldquo;{}&ldquo;][et_pb_column type=&ldquo;2_5&Prime; _builder_version=&ldquo;4.16&Prime; custom_padding=&ldquo;|||&ldquo; global_colors_info=&ldquo;{}&ldquo; custom_padding__hover=&ldquo;|||&ldquo;][et_pb_image src=&ldquo;https:\/\/www.villasriomar.com\/vrm\/wp-content\/uploads\/2021\/05\/CST-ELITE-COSTA-RICA-logo-scaled-1.jpg&ldquo; alt=&ldquo;CST ELITE HOTEL COSTA RICA&ldquo; title_text=&ldquo;CST ELITE COSTA RICA Logo skaliert&ldquo; align=&ldquo;center&ldquo; _builder_version=&ldquo;4.16&Prime; _module_preset=&ldquo;default&ldquo; custom_margin=&ldquo;0px||||false|false&ldquo; custom_padding=&ldquo;0px||||false|false&ldquo; global_colors_info=&ldquo;{}&ldquo;][\/et_pb_image][et_pb_text _builder_version=&ldquo;4.27.4&Prime; _module_preset=&ldquo;default&ldquo; global_colors_info=&ldquo;{}&ldquo;]<\/p><h2>Villas Rio Mar ist das einzige Hotel in Dominical, Costa Rica, das die h&ouml;chstm&ouml;gliche Zertifizierung f&uuml;r nachhaltigen Tourismus (CST) erhalten hat.<\/h2><p>[\/et_pb_text][\/et_pb_column][et_pb_column type=&ldquo;3_5&Prime; _builder_version=&ldquo;4.16&Prime; custom_padding=&ldquo;|||&ldquo; global_colors_info=&ldquo;{}&ldquo; custom_padding__hover=&ldquo;|||&ldquo;][et_pb_text _builder_version=&ldquo;4.27.4&Prime; text_font_size=&ldquo;19px&ldquo; text_line_height=&ldquo;1.5em&ldquo; header_4_text_color=&ldquo;#4F705D&ldquo; background_size=&ldquo;initial&ldquo; background_position=&ldquo;top_left&ldquo; background_repeat=&ldquo;repeat&ldquo; custom_margin=&ldquo;10px||||false|false&ldquo; custom_margin_tablet=&ldquo;0px||||false|false&ldquo; custom_margin_phone=&ldquo;&ldquo; custom_margin_last_edited=&ldquo;on|desktop&ldquo; hover_enabled=&ldquo;0&Prime; use_border_color=&ldquo;off&ldquo; border_color=&ldquo;#ffffff&ldquo; border_style=&ldquo;solid&ldquo; global_colors_info=&ldquo;{}&ldquo; sticky_enabled=&ldquo;0&Prime;]<\/p><h1>Umweltfreundliches Hotel<\/h1><p><img loading=\"lazy\" decoding=\"async\" src=\"https:\/\/spcdn.shortpixel.ai\/spio\/ret_img,q_cdnize,to_auto,s_webp:avif\/www.villasriomar.com\/vrm\/wp-content\/uploads\/2024\/12\/butterfly@4x-300x249.png\" width=\"38\" height=\"32\" alt=\"\" class=\"wp-image-44451 alignnone size-medium\" srcset=\"https:\/\/spcdn.shortpixel.ai\/spio\/ret_img,q_cdnize,to_auto,s_webp:avif\/www.villasriomar.com\/vrm\/wp-content\/uploads\/2024\/12\/butterfly@4x-300x249.png 300w, https:\/\/spcdn.shortpixel.ai\/spio\/ret_img,q_cdnize,to_auto,s_webp:avif\/www.villasriomar.com\/vrm\/wp-content\/uploads\/2024\/12\/butterfly@4x.png 312w\" sizes=\"(max-width: 38px) 100vw, 38px\">  Bei Villas Rio Mar haben wir uns zu umweltfreundlichen Praktiken verpflichtet, die die Sch&ouml;nheit Costa Ricas bewahren. Von Solarenergie-Initiativen bis hin zu nachhaltigem Gartenbau &ndash; wir versuchen st&auml;ndig, uns zum Wohle der Umwelt zu verbessern. Daher <strong>sind wir von CST als &sbquo;Elite&lsquo; zertifiziert.<\/strong> Lesen Sie mehr &uuml;ber diese Zertifizierung und die umweltfreundlichen Ma&szlig;nahmen, die wir ergreifen, indem Sie eines der unten stehenden Themen ausw&auml;hlen.  <\/p><p>[\/et_pb_text][\/et_pb_column][\/et_pb_row][et_pb_row _builder_version=&ldquo;4.16&Prime; _module_preset=&ldquo;default&ldquo; global_colors_info=&ldquo;{}&ldquo;][et_pb_column type=&ldquo;4_4&Prime; _builder_version=&ldquo;4.16&Prime; _module_preset=&ldquo;default&ldquo; global_colors_info=&ldquo;{}&ldquo;][et_pb_toggle title=&ldquo;Unsere umweltfreundlichen Ziele&ldquo; open_toggle_text_color=&ldquo;#4F705D&ldquo; icon_color=&ldquo;#4F705D&ldquo; toggle_icon=&ldquo;&#61548;||fa||900&Prime; open_icon_color=&ldquo;#4F705D&ldquo; open_toggle_icon=&ldquo;&#61548;||fa||900&Prime; _builder_version=&ldquo;4.27.4&Prime; title_text_color=&ldquo;#4F705D&ldquo; title_level=&ldquo;h4&Prime; background_size=&ldquo;initial&ldquo; background_position=&ldquo;top_left&ldquo; background_repeat=&ldquo;repeat&ldquo; border_radii=&ldquo;on|10px|10px|10px|10px&ldquo; use_border_color=&ldquo;off&ldquo; border_color=&ldquo;#ffffff&ldquo; border_style=&ldquo;solid&ldquo; global_colors_info=&ldquo;{}&ldquo;]<\/p><h4>Gr&uuml;ne Energie<\/h4><p>Wir nutzen die Solarenergie auf dem Grundst&uuml;ck ausgiebig, um Strom f&uuml;r die Klimaanlagen und andere Hotelger&auml;te zu erzeugen. Wir verwenden auch Solarheizungen f&uuml;r die Warmwasserbereitung in den Zimmern. <\/p><h4>Abfallsammlung &amp; Recycling<\/h4><p>&Uuml;berall in unserem Resort finden Sie mehrere M&uuml;llsammelstellen, die unsere G&auml;ste nutzen k&ouml;nnen. In diesen Einheiten wird der M&uuml;ll getrennt gesammelt: Glas, Papier, Pappe und andere. In unserem M&uuml;llsammelzentrum trennen wir auch den M&uuml;ll und den Kompost, den wir im Resort verwenden. Die getrennten Abf&auml;lle werden von verschiedenen Unternehmen abgeholt und recycelt. Ein gutes Beispiel ist das alte &Ouml;l aus unseren Friteusen. Dieses Abfallprodukt wird anschlie&szlig;end f&uuml;r die Herstellung von Dingen wie K&ouml;rpercremes und Biokraftstoff (und mehr) verwendet.    <\/p><h4>Selbst angebautes Bio-Gem&uuml;se<\/h4><p>Wir haben ein eigenes Gew&auml;chshaus, in dem wir viele der Fr&uuml;chte, Gem&uuml;se und Kr&auml;uter f&uuml;r unser Restaurant auf biologische Weise anbauen.<\/p><h4>Verantwortungsvolle Gartenarbeit<\/h4><p>Wir verwenden keine Insektizide, Fungizide oder andere Chemikalien zur Pflege unserer sch&ouml;nen G&auml;rten.<\/p><h4>Biologisch abbaubare Produkte<\/h4><p>Alle Reinigungsprodukte, die wir verwenden, sind biologisch abbaubar, z.B. Handseife, Geschirrsp&uuml;lmittel, Waschmaschinenseife, Bodenreiniger usw.<\/p><h4>Wasser sparen<\/h4><p>Die Urinale in den Toiletten unseres Restaurants, des Konferenzraums und des Pools verwenden hochentwickelte Techniken, die kein Wasser ben&ouml;tigen.<\/p><h4>Halten Sie unseren Strand sauber<\/h4><p>Jeden Monat reinigt eine andere Gruppe von Mitarbeitern den Strand von Dominical. Das ganze Jahr &uuml;ber hilft jeder Mitarbeiter von Villas Rio Mar dabei, den M&uuml;ll von dem Strand einzusammeln, den wir alle so sehr lieben. <\/p><h4>Corcovado Foundation Partnerschaft<\/h4><p>Wir sind ein Freund und Sponsor der <a href=\"http:\/\/www.corcovadofoundation.org\/\" target=\"_blank\" rel=\"noopener noreferrer\">Corcovado Foundation<\/a>. Wir fragen jeden unserer G&auml;ste, ob er beim Auschecken USD 1,- (oder mehr) spenden m&ouml;chte. <\/p><h4>Aufforstung<\/h4><p>In Zusammenarbeit mit anderen Hotels in der Region hilft Villas Rio Mar jedes Jahr, B&auml;ume zu pflanzen. Diese B&auml;ume werden normalerweise im Nationalpark Marino Ballena gepflanzt. <\/p><h4>Anreize f&uuml;r Mitarbeiter<\/h4><p>Wir bieten Anreize f&uuml;r die Mitarbeiter, die uns bei den oben erw&auml;hnten umweltfreundlichen Aktivit&auml;ten helfen wollen.<\/p><p>[\/et_pb_toggle][et_pb_toggle title=&ldquo;Zertifikat f&uuml;r nachhaltigen Tourismus (CST)&ldquo; open_toggle_text_color=&ldquo;#4F705D&ldquo; icon_color=&ldquo;#4F705D&ldquo; toggle_icon=&ldquo;&#61548;||fa||900&Prime; open_icon_color=&ldquo;#4F705D&ldquo; open_toggle_icon=&ldquo;&#61548;||fa||900&Prime; _builder_version=&ldquo;4.27.4&Prime; title_text_color=&ldquo;#4F705D&ldquo; title_level=&ldquo;h4&Prime; background_size=&ldquo;initial&ldquo; background_position=&ldquo;top_left&ldquo; background_repeat=&ldquo;repeat&ldquo; border_radii=&ldquo;on|10px|10px|10px|10px&ldquo; use_border_color=&ldquo;off&ldquo; border_color=&ldquo;#ffffff&ldquo; border_style=&ldquo;solid&ldquo; global_colors_info=&ldquo;{}&ldquo;]<\/p><p>Das <a href=\"http:\/\/www.turismo-sostenible.co.cr\/index.php?lang=en\" target=\"_blank\" rel=\"noopener noreferrer\">Zertifizierungsprogramm f&uuml;r nachhaltigen Tourismus &ndash; CST<\/a> &ndash; ist ein Produkt der costaricanischen Tourismusbeh&ouml;rde (ICT). CST wurde entwickelt, um Unternehmen des Tourismussektors danach zu unterscheiden, inwieweit sie ein nachhaltiges Modell der Bewirtschaftung der nat&uuml;rlichen, kulturellen und sozialen Ressourcen einhalten.   <strong>Villas Rio Mar ist mit dem CST-Zertifikat &sbquo;Elite&lsquo; ausgezeichnet und das einzige Hotel in der Gegend, das diese h&ouml;chstm&ouml;gliche Zertifizierung besitzt.  <\/strong><\/p><p>Die Nachhaltigkeitszertifizierung ist in 4 Bereiche unterteilt, f&uuml;r die jeweils unterschiedliche Praktiken gelten:<\/p><h4>Physikalisch-biologisches Umfeld<\/h4><ul>\n<li>Bewerten Sie die negativen Auswirkungen, die die Gesch&auml;ftst&auml;tigkeit des Unternehmens verursachen kann<\/li>\n<li>Ermutigen Sie Ihre Kunden, gesch&uuml;tzte Gebiete zu besuchen<\/li>\n<li>&Uuml;ber Klimaver&auml;nderungen informieren<\/li>\n<li>&Uuml;berwachen Sie den Verbrauch von Wasser und Energie<\/li>\n<li>Abf&auml;lle managen<\/li>\n<\/ul><h4>Politik der Dienstleistungsumgebung<\/h4><ul>\n<li>Festlegung von Politik, Vision und Mission<\/li>\n<li>Das Personal schulen<\/li>\n<li>Verbraucherfreundliche Umweltprodukte<\/li>\n<li>Verwenden Sie umweltfreundliche Reinigungsprodukte<\/li>\n<li>Haben Sie Verfahren und Einrichtungen f&uuml;r den Notfall<\/li>\n<\/ul><h4>Externes Kundenumfeld<\/h4><ul>\n<li>Informieren Sie die Kunden &uuml;ber den Ort und die durchgef&uuml;hrten Ma&szlig;nahmen<\/li>\n<li>Schilder in den Zimmern &uuml;ber nachhaltige Praktiken<\/li>\n<\/ul><h4>Sozio&ouml;konomisches Umfeld<\/h4><ul>\n<li>Stellen Sie Leute aus der Gemeinde und der Region ein<\/li>\n<li>Nutzen Sie lokale Produkte und Dienstleistungen<\/li>\n<li>Informieren Sie &uuml;ber Aktivit&auml;ten in der Gemeinde<\/li>\n<\/ul><p><img loading=\"lazy\" decoding=\"async\" src=\"https:\/\/www.villasriomar.com\/vrm\/wp-content\/uploads\/2021\/05\/CST-Elite-Hotel-Dominical-Costa-Rica-Villas-Rio-Mar-791x1024.jpg\" width=\"791\" height=\"1024\" alt=\"CST Elite Hotel Dominical Costa Rica - Villen Rio Mar\" class=\"wp-image-41487 alignnone size-large\" srcset=\"https:\/\/www.villasriomar.com\/vrm\/wp-content\/uploads\/2021\/05\/CST-Elite-Hotel-Dominical-Costa-Rica-Villas-Rio-Mar-791x1024.jpg 791w, https:\/\/www.villasriomar.com\/vrm\/wp-content\/uploads\/2021\/05\/CST-Elite-Hotel-Dominical-Costa-Rica-Villas-Rio-Mar-480x621.jpg 480w\" sizes=\"(min-width: 0px) and (max-width: 480px) 480px, (min-width: 481px) 791px, 100vw\"><\/p><p>[\/et_pb_toggle][et_pb_toggle title=&ldquo;Wie Sie helfen k&ouml;nnen&ldquo; open_toggle_text_color=&ldquo;#4F705D&ldquo; icon_color=&ldquo;#4F705D&ldquo; toggle_icon=&ldquo;&#61548;||fa||900&Prime; open_icon_color=&ldquo;#4F705D&ldquo; open_toggle_icon=&ldquo;&#61548;||fa||900&Prime; _builder_version=&ldquo;4.27.4&Prime; title_text_color=&ldquo;#4F705D&ldquo; title_level=&ldquo;h4&Prime; background_size=&ldquo;initial&ldquo; background_position=&ldquo;top_left&ldquo; background_repeat=&ldquo;repeat&ldquo; border_radii=&ldquo;on|10px|10px|10px|10px&ldquo; use_border_color=&ldquo;off&ldquo; global_colors_info=&ldquo;{}&ldquo;]<\/p><h3>Nachhaltiger Tourismus<\/h3><p>&Uuml;bernachten Sie in einem Hotel oder einer &Ouml;kolodge, die die Werte des nachhaltigen Tourismus respektieren, und reisen Sie mit einer verantwortungsvollen Einstellung.<\/p><p>Bitte <a href=\"https:\/\/www.villasriomar.com\/de\/kontakt\/#contactus\" target=\"_blank\" rel=\"noopener noreferrer\">nehmen Sie Kontakt mit uns auf<\/a>, wenn Sie sich an nachhaltigen Programmen zur Kohlenstoffkompensation beteiligen oder f&uuml;r Nationalparks wie den Corcovado spenden m&ouml;chten.<\/p><p>Beachten Sie bei Touren und Aktivit&auml;ten die folgenden Empfehlungen:<\/p><ul>\n<li>Lassen Sie zu keiner Zeit M&uuml;ll zur&uuml;ck<\/li>\n<li>F&uuml;ttern Sie die Tiere nicht<\/li>\n<li>Entnehmen Sie keine Blumen oder Pflanzen aus Nationalparks und privaten Reservaten<\/li>\n<li>Bleiben Sie immer auf den Pfaden<\/li>\n<li>Seien Sie leise, st&ouml;ren Sie die Tierwelt nicht<\/li>\n<li>Verwenden Sie beim Fotografieren von Wildtieren keinen Blitz<\/li>\n<li>Wenn Sie auf See sind, ber&uuml;hren Sie keine Fische oder andere lebende Organismen wie Korallen oder Seesterne.<\/li>\n<li>Es ist nicht erlaubt, in gesch&uuml;tzten Gebieten Feuer zu machen<\/li>\n<li>Der Konsum von alkoholischen Getr&auml;nken ist in gesch&uuml;tzten Gebieten nicht erlaubt<\/li>\n<li>Verschwenden Sie kein Trinkwasser; schlie&szlig;en Sie den Trinkbrunnen, wenn Sie fertig sind.<\/li>\n<li>Bringen Sie Ihren eigenen Wasserbeh&auml;lter mit. Wir stellen Ihnen gefiltertes Wasser in unserem Restaurant und in der Lobby zur Verf&uuml;gung. <\/li>\n<li>Werfen Sie in gesch&uuml;tzten Bereichen kein Toilettenpapier in die Toilette, sondern immer in den M&uuml;lleimer.<\/li>\n<\/ul><p>[\/et_pb_toggle][et_pb_toggle title=&ldquo;Treibhausgas-Fu&szlig;abdruck-Rechner&ldquo; open_toggle_text_color=&ldquo;#4F705D&ldquo; icon_color=&ldquo;#4F705D&ldquo; toggle_icon=&ldquo;&#61548;||fa||900&Prime; open_icon_color=&ldquo;#4F705D&ldquo; open_toggle_icon=&ldquo;&#61548;||fa||900&Prime; _builder_version=&ldquo;4.27.4&Prime; title_text_color=&ldquo;#4F705D&ldquo; title_level=&ldquo;h4&Prime; background_size=&ldquo;initial&ldquo; background_position=&ldquo;top_left&ldquo; background_repeat=&ldquo;repeat&ldquo; border_radii=&ldquo;on|10px|10px|10px|10px&ldquo; use_border_color=&ldquo;off&ldquo; global_colors_info=&ldquo;{}&ldquo;]<\/p><p style=\"text-align: center;\"><a href=\"https:\/\/www.fonafifo.go.cr\/en\/calculadora\/\" target=\"_blank\" rel=\"noopener\">Treibhausgas-Fu&szlig;abdruck-Rechner<\/a><\/p><p>[\/et_pb_toggle][\/et_pb_column][\/et_pb_row][\/et_pb_section]<\/p>\n","protected":false},"excerpt":{"rendered":"<p>Villas Rio Mar ist das einzige Hotel in Dominical, Costa Rica, das die h\u00f6chstm\u00f6gliche Zertifizierung f\u00fcr nachhaltigen Tourismus (CST) erhalten hat.Umweltfreundliches Hotel Bei Villas Rio Mar haben wir uns zu umweltfreundlichen Praktiken verpflichtet, die die Sch\u00f6nheit Costa Ricas bewahren. Von Solarenergie-Initiativen bis hin zu nachhaltigem Gartenbau &#8211; wir versuchen st\u00e4ndig, uns zum Wohle der Umwelt [&hellip;]<\/p>\n","protected":false},"author":13,"featured_media":0,"parent":49292,"menu_order":150,"comment_status":"closed","ping_status":"closed","template":"","meta":{"_et_pb_use_builder":"on","_et_pb_old_content":"","_et_gb_content_width":"","footnotes":""},"class_list":["post-49298","page","type-page","status-publish","hentry"],"yoast_head":"<!-- This site is optimized with the Yoast SEO plugin v27.0 - https:\/\/yoast.com\/product\/yoast-seo-wordpress\/ -->\n<title>\u00dcber unser Eco Hotel Dominical Costa Rica<\/title>\n<meta name=\"description\" content=\"Zu Fu\u00df nach Dominical\/Strand. Genie\u00dfen Sie 2 Pools, einen gro\u00dfen Garten und ein Restaurant. Zimmer inkl. Terrasse, AC, TV, Minik\u00fchlschrank. Buchen Sie direkt = der niedrigste Preis!\" \/>\n<meta name=\"robots\" content=\"index, follow, max-snippet:-1, max-image-preview:large, max-video-preview:-1\" \/>\n<link rel=\"canonical\" href=\"https:\/\/www.villasriomar.com\/de\/ueber-villas-rio-mar\/eco-resort\/\" \/>\n<meta property=\"og:locale\" content=\"de_DE\" \/>\n<meta property=\"og:type\" content=\"article\" \/>\n<meta property=\"og:title\" content=\"\u00dcber unser Eco Hotel Dominical Costa Rica\" \/>\n<meta property=\"og:description\" content=\"Zu Fu\u00df nach Dominical\/Strand. Genie\u00dfen Sie 2 Pools, einen gro\u00dfen Garten und ein Restaurant. Zimmer inkl. Terrasse, AC, TV, Minik\u00fchlschrank. Buchen Sie direkt = der niedrigste Preis!\" \/>\n<meta property=\"og:url\" content=\"https:\/\/www.villasriomar.com\/de\/ueber-villas-rio-mar\/eco-resort\/\" \/>\n<meta property=\"og:site_name\" content=\"Villas Rio Mar | Eco Hotel in Dominical &amp; Uvita, Costa Rica\" \/>\n<meta property=\"article:publisher\" content=\"https:\/\/www.facebook.com\/villasriomar\/\" \/>\n<meta property=\"article:modified_time\" content=\"2025-09-29T15:11:44+00:00\" \/>\n<meta property=\"og:image\" content=\"https:\/\/www.villasriomar.com\/vrm\/wp-content\/uploads\/2024\/12\/butterfly@4x.png\" \/>\n\t<meta property=\"og:image:width\" content=\"312\" \/>\n\t<meta property=\"og:image:height\" content=\"259\" \/>\n\t<meta property=\"og:image:type\" content=\"image\/png\" \/>\n<meta name=\"twitter:card\" content=\"summary_large_image\" \/>\n<meta name=\"twitter:site\" content=\"@VillasRioMar\" \/>\n<meta name=\"twitter:label1\" content=\"Gesch\u00e4tzte Lesezeit\" \/>\n\t<meta name=\"twitter:data1\" content=\"7\u00a0Minuten\" \/>\n<script type=\"application\/ld+json\" class=\"yoast-schema-graph\">{\"@context\":\"https:\/\/schema.org\",\"@graph\":[{\"@type\":\"WebPage\",\"@id\":\"https:\/\/www.villasriomar.com\/de\/ueber-villas-rio-mar\/eco-resort\/\",\"url\":\"https:\/\/www.villasriomar.com\/de\/ueber-villas-rio-mar\/eco-resort\/\",\"name\":\"\u00dcber unser Eco Hotel Dominical Costa Rica\",\"isPartOf\":{\"@id\":\"https:\/\/www.villasriomar.com\/de\/#website\"},\"primaryImageOfPage\":{\"@id\":\"https:\/\/www.villasriomar.com\/de\/ueber-villas-rio-mar\/eco-resort\/#primaryimage\"},\"image\":{\"@id\":\"https:\/\/www.villasriomar.com\/de\/ueber-villas-rio-mar\/eco-resort\/#primaryimage\"},\"thumbnailUrl\":\"https:\/\/www.villasriomar.com\/vrm\/wp-content\/uploads\/2024\/12\/butterfly@4x-300x249.png\",\"datePublished\":\"2025-05-11T17:22:54+00:00\",\"dateModified\":\"2025-09-29T15:11:44+00:00\",\"description\":\"Zu Fu\u00df nach Dominical\/Strand. Genie\u00dfen Sie 2 Pools, einen gro\u00dfen Garten und ein Restaurant. Zimmer inkl. Terrasse, AC, TV, Minik\u00fchlschrank. Buchen Sie direkt = der niedrigste Preis!\",\"breadcrumb\":{\"@id\":\"https:\/\/www.villasriomar.com\/de\/ueber-villas-rio-mar\/eco-resort\/#breadcrumb\"},\"inLanguage\":\"de\",\"potentialAction\":[{\"@type\":\"ReadAction\",\"target\":[\"https:\/\/www.villasriomar.com\/de\/ueber-villas-rio-mar\/eco-resort\/\"]}]},{\"@type\":\"ImageObject\",\"inLanguage\":\"de\",\"@id\":\"https:\/\/www.villasriomar.com\/de\/ueber-villas-rio-mar\/eco-resort\/#primaryimage\",\"url\":\"https:\/\/www.villasriomar.com\/vrm\/wp-content\/uploads\/2024\/12\/butterfly@4x-300x249.png\",\"contentUrl\":\"https:\/\/www.villasriomar.com\/vrm\/wp-content\/uploads\/2024\/12\/butterfly@4x-300x249.png\"},{\"@type\":\"BreadcrumbList\",\"@id\":\"https:\/\/www.villasriomar.com\/de\/ueber-villas-rio-mar\/eco-resort\/#breadcrumb\",\"itemListElement\":[{\"@type\":\"ListItem\",\"position\":1,\"name\":\"Home\",\"item\":\"https:\/\/www.villasriomar.com\/de\/home\/\"},{\"@type\":\"ListItem\",\"position\":2,\"name\":\"\u00dcber Villas Rio Mar\",\"item\":\"https:\/\/www.villasriomar.com\/de\/ueber-villas-rio-mar\/\"},{\"@type\":\"ListItem\",\"position\":3,\"name\":\"Eco-Resort\"}]},{\"@type\":\"WebSite\",\"@id\":\"https:\/\/www.villasriomar.com\/de\/#website\",\"url\":\"https:\/\/www.villasriomar.com\/de\/\",\"name\":\"Villas Rio Mar | Eco Hotel in Dominical &amp; Uvita, Costa Rica\",\"description\":\"Eco hotel 10 min. walk from Playa Dominical. Many amenities: tropical gardens, quality restaurant, big pool, AC rooms, free Wi-Fi +++. Lots to do!\",\"publisher\":{\"@id\":\"https:\/\/www.villasriomar.com\/de\/#organization\"},\"potentialAction\":[{\"@type\":\"SearchAction\",\"target\":{\"@type\":\"EntryPoint\",\"urlTemplate\":\"https:\/\/www.villasriomar.com\/de\/?s={search_term_string}\"},\"query-input\":{\"@type\":\"PropertyValueSpecification\",\"valueRequired\":true,\"valueName\":\"search_term_string\"}}],\"inLanguage\":\"de\"},{\"@type\":\"Organization\",\"@id\":\"https:\/\/www.villasriomar.com\/de\/#organization\",\"name\":\"Villas Rio Mar Hotel\",\"url\":\"https:\/\/www.villasriomar.com\/de\/\",\"logo\":{\"@type\":\"ImageObject\",\"inLanguage\":\"de\",\"@id\":\"https:\/\/www.villasriomar.com\/de\/#\/schema\/logo\/image\/\",\"url\":\"https:\/\/www.villasriomar.com\/vrm\/wp-content\/uploads\/2024\/08\/RIO-MAR-LOGO_Mesa-de-trabajo-1.png\",\"contentUrl\":\"https:\/\/www.villasriomar.com\/vrm\/wp-content\/uploads\/2024\/08\/RIO-MAR-LOGO_Mesa-de-trabajo-1.png\",\"width\":3300,\"height\":907,\"caption\":\"Villas Rio Mar Hotel\"},\"image\":{\"@id\":\"https:\/\/www.villasriomar.com\/de\/#\/schema\/logo\/image\/\"},\"sameAs\":[\"https:\/\/www.facebook.com\/villasriomar\/\",\"https:\/\/x.com\/VillasRioMar\",\"https:\/\/www.instagram.com\/hotel_villas_rio_mar\/\",\"https:\/\/www.linkedin.com\/company\/villas-rio-mar\",\"https:\/\/www.pinterest.com\/villasriomar\/\",\"https:\/\/www.youtube.com\/channel\/UCXCEvEdyx7O2wC3nXsAFTZg\"]}]}<\/script>\n<!-- \/ Yoast SEO plugin. -->","yoast_head_json":{"title":"\u00dcber unser Eco Hotel Dominical Costa Rica","description":"Zu Fu\u00df nach Dominical\/Strand. Genie\u00dfen Sie 2 Pools, einen gro\u00dfen Garten und ein Restaurant. Zimmer inkl. Terrasse, AC, TV, Minik\u00fchlschrank. Buchen Sie direkt = der niedrigste Preis!","robots":{"index":"index","follow":"follow","max-snippet":"max-snippet:-1","max-image-preview":"max-image-preview:large","max-video-preview":"max-video-preview:-1"},"canonical":"https:\/\/www.villasriomar.com\/de\/ueber-villas-rio-mar\/eco-resort\/","og_locale":"de_DE","og_type":"article","og_title":"\u00dcber unser Eco Hotel Dominical Costa Rica","og_description":"Zu Fu\u00df nach Dominical\/Strand. Genie\u00dfen Sie 2 Pools, einen gro\u00dfen Garten und ein Restaurant. Zimmer inkl. Terrasse, AC, TV, Minik\u00fchlschrank. Buchen Sie direkt = der niedrigste Preis!","og_url":"https:\/\/www.villasriomar.com\/de\/ueber-villas-rio-mar\/eco-resort\/","og_site_name":"Villas Rio Mar | Eco Hotel in Dominical &amp; Uvita, Costa Rica","article_publisher":"https:\/\/www.facebook.com\/villasriomar\/","article_modified_time":"2025-09-29T15:11:44+00:00","og_image":[{"width":312,"height":259,"url":"https:\/\/www.villasriomar.com\/vrm\/wp-content\/uploads\/2024\/12\/butterfly@4x.png","type":"image\/png"}],"twitter_card":"summary_large_image","twitter_site":"@VillasRioMar","twitter_misc":{"Gesch\u00e4tzte Lesezeit":"7\u00a0Minuten"},"schema":{"@context":"https:\/\/schema.org","@graph":[{"@type":"WebPage","@id":"https:\/\/www.villasriomar.com\/de\/ueber-villas-rio-mar\/eco-resort\/","url":"https:\/\/www.villasriomar.com\/de\/ueber-villas-rio-mar\/eco-resort\/","name":"\u00dcber unser Eco Hotel Dominical Costa Rica","isPartOf":{"@id":"https:\/\/www.villasriomar.com\/de\/#website"},"primaryImageOfPage":{"@id":"https:\/\/www.villasriomar.com\/de\/ueber-villas-rio-mar\/eco-resort\/#primaryimage"},"image":{"@id":"https:\/\/www.villasriomar.com\/de\/ueber-villas-rio-mar\/eco-resort\/#primaryimage"},"thumbnailUrl":"https:\/\/www.villasriomar.com\/vrm\/wp-content\/uploads\/2024\/12\/butterfly@4x-300x249.png","datePublished":"2025-05-11T17:22:54+00:00","dateModified":"2025-09-29T15:11:44+00:00","description":"Zu Fu\u00df nach Dominical\/Strand. Genie\u00dfen Sie 2 Pools, einen gro\u00dfen Garten und ein Restaurant. Zimmer inkl. Terrasse, AC, TV, Minik\u00fchlschrank. Buchen Sie direkt = der niedrigste Preis!","breadcrumb":{"@id":"https:\/\/www.villasriomar.com\/de\/ueber-villas-rio-mar\/eco-resort\/#breadcrumb"},"inLanguage":"de","potentialAction":[{"@type":"ReadAction","target":["https:\/\/www.villasriomar.com\/de\/ueber-villas-rio-mar\/eco-resort\/"]}]},{"@type":"ImageObject","inLanguage":"de","@id":"https:\/\/www.villasriomar.com\/de\/ueber-villas-rio-mar\/eco-resort\/#primaryimage","url":"https:\/\/www.villasriomar.com\/vrm\/wp-content\/uploads\/2024\/12\/butterfly@4x-300x249.png","contentUrl":"https:\/\/www.villasriomar.com\/vrm\/wp-content\/uploads\/2024\/12\/butterfly@4x-300x249.png"},{"@type":"BreadcrumbList","@id":"https:\/\/www.villasriomar.com\/de\/ueber-villas-rio-mar\/eco-resort\/#breadcrumb","itemListElement":[{"@type":"ListItem","position":1,"name":"Home","item":"https:\/\/www.villasriomar.com\/de\/home\/"},{"@type":"ListItem","position":2,"name":"\u00dcber Villas Rio Mar","item":"https:\/\/www.villasriomar.com\/de\/ueber-villas-rio-mar\/"},{"@type":"ListItem","position":3,"name":"Eco-Resort"}]},{"@type":"WebSite","@id":"https:\/\/www.villasriomar.com\/de\/#website","url":"https:\/\/www.villasriomar.com\/de\/","name":"Villas Rio Mar | Eco Hotel in Dominical &amp; Uvita, Costa Rica","description":"Eco hotel 10 min. walk from Playa Dominical. Many amenities: tropical gardens, quality restaurant, big pool, AC rooms, free Wi-Fi +++. Lots to do!","publisher":{"@id":"https:\/\/www.villasriomar.com\/de\/#organization"},"potentialAction":[{"@type":"SearchAction","target":{"@type":"EntryPoint","urlTemplate":"https:\/\/www.villasriomar.com\/de\/?s={search_term_string}"},"query-input":{"@type":"PropertyValueSpecification","valueRequired":true,"valueName":"search_term_string"}}],"inLanguage":"de"},{"@type":"Organization","@id":"https:\/\/www.villasriomar.com\/de\/#organization","name":"Villas Rio Mar Hotel","url":"https:\/\/www.villasriomar.com\/de\/","logo":{"@type":"ImageObject","inLanguage":"de","@id":"https:\/\/www.villasriomar.com\/de\/#\/schema\/logo\/image\/","url":"https:\/\/www.villasriomar.com\/vrm\/wp-content\/uploads\/2024\/08\/RIO-MAR-LOGO_Mesa-de-trabajo-1.png","contentUrl":"https:\/\/www.villasriomar.com\/vrm\/wp-content\/uploads\/2024\/08\/RIO-MAR-LOGO_Mesa-de-trabajo-1.png","width":3300,"height":907,"caption":"Villas Rio Mar Hotel"},"image":{"@id":"https:\/\/www.villasriomar.com\/de\/#\/schema\/logo\/image\/"},"sameAs":["https:\/\/www.facebook.com\/villasriomar\/","https:\/\/x.com\/VillasRioMar","https:\/\/www.instagram.com\/hotel_villas_rio_mar\/","https:\/\/www.linkedin.com\/company\/villas-rio-mar","https:\/\/www.pinterest.com\/villasriomar\/","https:\/\/www.youtube.com\/channel\/UCXCEvEdyx7O2wC3nXsAFTZg"]}]}},"_links":{"self":[{"href":"https:\/\/www.villasriomar.com\/de\/wp-json\/wp\/v2\/pages\/49298","targetHints":{"allow":["GET"]}}],"collection":[{"href":"https:\/\/www.villasriomar.com\/de\/wp-json\/wp\/v2\/pages"}],"about":[{"href":"https:\/\/www.villasriomar.com\/de\/wp-json\/wp\/v2\/types\/page"}],"author":[{"embeddable":true,"href":"https:\/\/www.villasriomar.com\/de\/wp-json\/wp\/v2\/users\/13"}],"replies":[{"embeddable":true,"href":"https:\/\/www.villasriomar.com\/de\/wp-json\/wp\/v2\/comments?post=49298"}],"version-history":[{"count":3,"href":"https:\/\/www.villasriomar.com\/de\/wp-json\/wp\/v2\/pages\/49298\/revisions"}],"predecessor-version":[{"id":50319,"href":"https:\/\/www.villasriomar.com\/de\/wp-json\/wp\/v2\/pages\/49298\/revisions\/50319"}],"up":[{"embeddable":true,"href":"https:\/\/www.villasriomar.com\/de\/wp-json\/wp\/v2\/pages\/49292"}],"wp:attachment":[{"href":"https:\/\/www.villasriomar.com\/de\/wp-json\/wp\/v2\/media?parent=49298"}],"curies":[{"name":"wp","href":"https:\/\/api.w.org\/{rel}","templated":true}]}}