{"id":35827,"date":"2018-02-01T16:35:53","date_gmt":"2018-02-01T22:35:53","guid":{"rendered":"http:\/\/www.villasriomar.com\/?page_id=35827"},"modified":"2025-05-08T05:38:51","modified_gmt":"2025-05-08T11:38:51","slug":"preise-verfuegbarkeit-hotel","status":"publish","type":"page","link":"https:\/\/www.villasriomar.com\/de\/zimmer-preise-buchen\/preise-verfuegbarkeit-hotel\/","title":{"rendered":"Preise &amp; Verf\u00fcgbarkeit Hotel Villas Rio Mar"},"content":{"rendered":"<p>[et_pb_section fb_built=&#8220;1&#8243; custom_padding_last_edited=&#8220;on|phone&#8220; _builder_version=&#8220;4.16&#8243; background_color=&#8220;rgba(255,255,255,0)&#8220; custom_padding=&#8220;8px|0px|11px|0px&#8220; custom_padding_tablet=&#8220;&#8220; custom_padding_phone=&#8220;&#8220; global_colors_info=&#8220;{}&#8220;][et_pb_row column_structure=&#8220;1_3,1_3,1_3&#8243; padding_mobile=&#8220;off&#8220; column_padding_mobile=&#8220;on&#8220; module_class=&#8220; et_pb_row_fullwidth&#8220; _builder_version=&#8220;4.16&#8243; background_size=&#8220;initial&#8220; background_position=&#8220;top_left&#8220; background_repeat=&#8220;repeat&#8220; width=&#8220;89%&#8220; width_tablet=&#8220;80%&#8220; width_phone=&#8220;&#8220; width_last_edited=&#8220;on|desktop&#8220; max_width=&#8220;89%&#8220; max_width_tablet=&#8220;80%&#8220; max_width_phone=&#8220;&#8220; max_width_last_edited=&#8220;on|desktop&#8220; custom_margin=&#8220;-310px|||&#8220; custom_margin_tablet=&#8220;&#8220; custom_margin_phone=&#8220;-330px|||&#8220; custom_margin_last_edited=&#8220;on|phone&#8220; make_fullwidth=&#8220;on&#8220; global_colors_info=&#8220;{}&#8220;][et_pb_column type=&#8220;1_3&#8243; _builder_version=&#8220;4.16&#8243; background_color=&#8220;rgba(0,0,0,0)&#8220; custom_padding=&#8220;|||&#8220; global_colors_info=&#8220;{}&#8220; custom_padding__hover=&#8220;|||&#8220;][et_pb_text disabled_on=&#8220;off||&#8220; admin_label=&#8220;H1 &#038; short intro&#8220; _builder_version=&#8220;4.16&#8243; text_font=&#8220;Raleway Light||||&#8220; text_text_color=&#8220;#f9f9f9&#8243; text_font_size=&#8220;18&#8243; header_font_size=&#8220;33px&#8220; background_color=&#8220;rgba(0,0,0,0.59)&#8220; background_size=&#8220;initial&#8220; background_position=&#8220;top_left&#8220; background_repeat=&#8220;repeat&#8220; text_orientation=&#8220;center&#8220; module_alignment=&#8220;center&#8220; custom_margin_tablet=&#8220;&#8220; custom_margin_phone=&#8220;&#8220; custom_margin_last_edited=&#8220;on|phone&#8220; custom_padding=&#8220;30px|30px|20px|30px&#8220; header_font_size_tablet=&#8220;&#8220; header_font_size_phone=&#8220;26px&#8220; header_font_size_last_edited=&#8220;on|phone&#8220; global_colors_info=&#8220;{}&#8220;]<\/p>\n<h1>Preise &amp; Verf\u00fcgbarkeit<\/h1>\n<p>Buchen Sie das Hotel Villas Rio Mar direkt f\u00fcr den niedrigsten Preis!<\/p>\n<p>[\/et_pb_text][\/et_pb_column][et_pb_column type=&#8220;1_3&#8243; _builder_version=&#8220;4.16&#8243; custom_padding=&#8220;|||&#8220; global_colors_info=&#8220;{}&#8220; custom_padding__hover=&#8220;|||&#8220;][et_pb_post_title title=&#8220;aus&#8220; comments=&#8220;off&#8220; admin_label=&#8220;Post Title&#8220; _builder_version=&#8220;4.16&#8243; background_color=&#8220;rgba(255,255,255,0)&#8220; parallax=&#8220;on&#8220; parallax_method=&#8220;off&#8220; custom_css_main_element=&#8220;display: none;&#8220; use_border_color=&#8220;off&#8220; border_color=&#8220;#ffffff&#8220; border_style=&#8220;solid&#8220; parallax_effect=&#8220;on&#8220; module_bg_color=&#8220;rgba(255,255,255,0)&#8220; saved_tabs=&#8220;all&#8220; global_colors_info=&#8220;{}&#8220;][\/et_pb_post_title][\/et_pb_column][et_pb_column type=&#8220;1_3&#8243; _builder_version=&#8220;4.16&#8243; custom_padding=&#8220;|||&#8220; global_colors_info=&#8220;{}&#8220; custom_padding__hover=&#8220;|||&#8220;][\/et_pb_column][\/et_pb_row][\/et_pb_section][et_pb_section fb_built=&#8220;1&#8243; custom_padding_last_edited=&#8220;on|desktop&#8220; _builder_version=&#8220;4.27.0&#8243; use_background_color_gradient=&#8220;on&#8220; background_color_gradient_stops=&#8220;#ffffff 0%|#e7d9af 100%&#8220; custom_padding=&#8220;18px|0px|20px|0px&#8220; custom_padding_tablet=&#8220;2px|0px|2px|0px&#8220; custom_padding_phone=&#8220;&#8220; global_colors_info=&#8220;{}&#8220;][et_pb_row column_padding_mobile=&#8220;on&#8220; custom_padding_last_edited=&#8220;on|desktop&#8220; _builder_version=&#8220;4.16&#8243; background_size=&#8220;initial&#8220; background_position=&#8220;top_left&#8220; background_repeat=&#8220;repeat&#8220; custom_padding=&#8220;27px|0px|0px|0px&#8220; custom_padding_tablet=&#8220;14px|0px|3px|0px&#8220; custom_padding_phone=&#8220;&#8220; global_colors_info=&#8220;{}&#8220;][et_pb_column type=&#8220;4_4&#8243; _builder_version=&#8220;4.16&#8243; custom_padding=&#8220;|||&#8220; global_colors_info=&#8220;{}&#8220; custom_padding__hover=&#8220;|||&#8220;][et_pb_code admin_label=&#8220;Kalender&#8220; _builder_version=&#8220;4.27.4&#8243; hover_enabled=&#8220;0&#8243; global_colors_info=&#8220;{}&#8220; sticky_enabled=&#8220;0&#8243;]<script data-wpfc-render=\"false\" src=\"https:\/\/sky-us1.clock-software.com\/js\/iframe_integration.js\"><\/script><!-- [et_pb_line_break_holder] --><script data-wpfc-render=\"false\">clock_pms_iframe({ height: '2000px', width: '100%', seamless: 'seamless', frameborder: '0', src: 'https:\/\/sky-us1.clock-software.com\/41081\/8546\/wbe\/de\/products\/calendar_new?wbe_product[nights]=2&wbe_product[adult_count]=2&wbe_product[children_count]=0' })<\/script><!-- [et_pb_line_break_holder] --><!-- [et_pb_line_break_holder] --><!-- [et_pb_line_break_holder] -->[\/et_pb_code][\/et_pb_column][\/et_pb_row][\/et_pb_section]<\/p>\n","protected":false},"excerpt":{"rendered":"<p>Preise &amp; Verf\u00fcgbarkeit Buchen Sie das Hotel Villas Rio Mar direkt f\u00fcr den niedrigsten Preis!<\/p>\n","protected":false},"author":13,"featured_media":35830,"parent":46491,"menu_order":210,"comment_status":"closed","ping_status":"closed","template":"","meta":{"_et_pb_use_builder":"on","_et_pb_old_content":"","_et_gb_content_width":"","footnotes":""},"class_list":["post-35827","page","type-page","status-publish","has-post-thumbnail","hentry"],"yoast_head":"<!-- This site is optimized with the Yoast SEO plugin v27.0 - https:\/\/yoast.com\/product\/yoast-seo-wordpress\/ -->\n<title>Preise &amp; Verf\u00fcgbarkeit Kalender Hotel Villas Rio Mar, Dominical, Costa Rica<\/title>\n<meta name=\"description\" content=\"Informieren Sie sich \u00fcber unsere Preise f\u00fcr Ihren Aufenthalt in Dominical &amp; Uvita, Costa Rica. Wir bieten die niedrigsten Online-Tarife an und haben immer einige Sonderangebote laufen!\" \/>\n<meta name=\"robots\" content=\"index, follow, max-snippet:-1, max-image-preview:large, max-video-preview:-1\" \/>\n<link rel=\"canonical\" href=\"https:\/\/www.villasriomar.com\/de\/zimmer-preise-buchen\/preise-verfuegbarkeit-hotel\/\" \/>\n<meta property=\"og:locale\" content=\"de_DE\" \/>\n<meta property=\"og:type\" content=\"article\" \/>\n<meta property=\"og:title\" content=\"Preise &amp; Verf\u00fcgbarkeit Kalender Hotel Villas Rio Mar, Dominical, Costa Rica\" \/>\n<meta property=\"og:description\" content=\"Informieren Sie sich \u00fcber unsere Preise f\u00fcr Ihren Aufenthalt in Dominical &amp; Uvita, Costa Rica. Wir bieten die niedrigsten Online-Tarife an und haben immer einige Sonderangebote laufen!\" \/>\n<meta property=\"og:url\" content=\"https:\/\/www.villasriomar.com\/de\/zimmer-preise-buchen\/preise-verfuegbarkeit-hotel\/\" \/>\n<meta property=\"og:site_name\" content=\"Villas Rio Mar | Eco Hotel in Dominical &amp; Uvita, Costa Rica\" \/>\n<meta property=\"article:publisher\" content=\"https:\/\/www.facebook.com\/villasriomar\/\" \/>\n<meta property=\"article:modified_time\" content=\"2025-05-08T11:38:51+00:00\" \/>\n<meta property=\"og:image\" content=\"https:\/\/www.villasriomar.com\/vrm\/wp-content\/uploads\/2017\/04\/junior-suite-new-2-1024-600.jpg\" \/>\n\t<meta property=\"og:image:width\" content=\"1024\" \/>\n\t<meta property=\"og:image:height\" content=\"600\" \/>\n\t<meta property=\"og:image:type\" content=\"image\/jpeg\" \/>\n<meta name=\"twitter:card\" content=\"summary_large_image\" \/>\n<meta name=\"twitter:site\" content=\"@VillasRioMar\" \/>\n<meta name=\"twitter:label1\" content=\"Gesch\u00e4tzte Lesezeit\" \/>\n\t<meta name=\"twitter:data1\" content=\"2\u00a0Minuten\" \/>\n<script type=\"application\/ld+json\" class=\"yoast-schema-graph\">{\"@context\":\"https:\/\/schema.org\",\"@graph\":[{\"@type\":\"WebPage\",\"@id\":\"https:\/\/www.villasriomar.com\/de\/zimmer-preise-buchen\/preise-verfuegbarkeit-hotel\/\",\"url\":\"https:\/\/www.villasriomar.com\/de\/zimmer-preise-buchen\/preise-verfuegbarkeit-hotel\/\",\"name\":\"Preise & Verf\u00fcgbarkeit Kalender Hotel Villas Rio Mar, Dominical, Costa Rica\",\"isPartOf\":{\"@id\":\"https:\/\/www.villasriomar.com\/de\/#website\"},\"primaryImageOfPage\":{\"@id\":\"https:\/\/www.villasriomar.com\/de\/zimmer-preise-buchen\/preise-verfuegbarkeit-hotel\/#primaryimage\"},\"image\":{\"@id\":\"https:\/\/www.villasriomar.com\/de\/zimmer-preise-buchen\/preise-verfuegbarkeit-hotel\/#primaryimage\"},\"thumbnailUrl\":\"https:\/\/www.villasriomar.com\/vrm\/wp-content\/uploads\/2017\/04\/junior-suite-new-2-1024-600.jpg\",\"datePublished\":\"2018-02-01T22:35:53+00:00\",\"dateModified\":\"2025-05-08T11:38:51+00:00\",\"description\":\"Informieren Sie sich \u00fcber unsere Preise f\u00fcr Ihren Aufenthalt in Dominical & Uvita, Costa Rica. Wir bieten die niedrigsten Online-Tarife an und haben immer einige Sonderangebote laufen!\",\"breadcrumb\":{\"@id\":\"https:\/\/www.villasriomar.com\/de\/zimmer-preise-buchen\/preise-verfuegbarkeit-hotel\/#breadcrumb\"},\"inLanguage\":\"de\",\"potentialAction\":[{\"@type\":\"ReadAction\",\"target\":[\"https:\/\/www.villasriomar.com\/de\/zimmer-preise-buchen\/preise-verfuegbarkeit-hotel\/\"]}]},{\"@type\":\"ImageObject\",\"inLanguage\":\"de\",\"@id\":\"https:\/\/www.villasriomar.com\/de\/zimmer-preise-buchen\/preise-verfuegbarkeit-hotel\/#primaryimage\",\"url\":\"https:\/\/www.villasriomar.com\/vrm\/wp-content\/uploads\/2017\/04\/junior-suite-new-2-1024-600.jpg\",\"contentUrl\":\"https:\/\/www.villasriomar.com\/vrm\/wp-content\/uploads\/2017\/04\/junior-suite-new-2-1024-600.jpg\",\"width\":1024,\"height\":600,\"caption\":\"Zimmer Villas Rio Mar, Hotel in Dominical Costa Rica\"},{\"@type\":\"BreadcrumbList\",\"@id\":\"https:\/\/www.villasriomar.com\/de\/zimmer-preise-buchen\/preise-verfuegbarkeit-hotel\/#breadcrumb\",\"itemListElement\":[{\"@type\":\"ListItem\",\"position\":1,\"name\":\"Home\",\"item\":\"https:\/\/www.villasriomar.com\/de\/home\/\"},{\"@type\":\"ListItem\",\"position\":2,\"name\":\"Zimmer &#8211; Preise &#8211; Buchen\",\"item\":\"https:\/\/www.villasriomar.com\/de\/zimmer-preise-buchen\/\"},{\"@type\":\"ListItem\",\"position\":3,\"name\":\"Preise &amp; Verf\u00fcgbarkeit Hotel Villas Rio Mar\"}]},{\"@type\":\"WebSite\",\"@id\":\"https:\/\/www.villasriomar.com\/de\/#website\",\"url\":\"https:\/\/www.villasriomar.com\/de\/\",\"name\":\"Villas Rio Mar | Eco Hotel in Dominical &amp; Uvita, Costa Rica\",\"description\":\"Eco hotel 10 min. walk from Playa Dominical. Many amenities: tropical gardens, quality restaurant, big pool, AC rooms, free Wi-Fi +++. Lots to do!\",\"publisher\":{\"@id\":\"https:\/\/www.villasriomar.com\/de\/#organization\"},\"potentialAction\":[{\"@type\":\"SearchAction\",\"target\":{\"@type\":\"EntryPoint\",\"urlTemplate\":\"https:\/\/www.villasriomar.com\/de\/?s={search_term_string}\"},\"query-input\":{\"@type\":\"PropertyValueSpecification\",\"valueRequired\":true,\"valueName\":\"search_term_string\"}}],\"inLanguage\":\"de\"},{\"@type\":\"Organization\",\"@id\":\"https:\/\/www.villasriomar.com\/de\/#organization\",\"name\":\"Villas Rio Mar Hotel\",\"url\":\"https:\/\/www.villasriomar.com\/de\/\",\"logo\":{\"@type\":\"ImageObject\",\"inLanguage\":\"de\",\"@id\":\"https:\/\/www.villasriomar.com\/de\/#\/schema\/logo\/image\/\",\"url\":\"https:\/\/www.villasriomar.com\/vrm\/wp-content\/uploads\/2024\/08\/RIO-MAR-LOGO_Mesa-de-trabajo-1.png\",\"contentUrl\":\"https:\/\/www.villasriomar.com\/vrm\/wp-content\/uploads\/2024\/08\/RIO-MAR-LOGO_Mesa-de-trabajo-1.png\",\"width\":3300,\"height\":907,\"caption\":\"Villas Rio Mar Hotel\"},\"image\":{\"@id\":\"https:\/\/www.villasriomar.com\/de\/#\/schema\/logo\/image\/\"},\"sameAs\":[\"https:\/\/www.facebook.com\/villasriomar\/\",\"https:\/\/x.com\/VillasRioMar\",\"https:\/\/www.instagram.com\/hotel_villas_rio_mar\/\",\"https:\/\/www.linkedin.com\/company\/villas-rio-mar\",\"https:\/\/www.pinterest.com\/villasriomar\/\",\"https:\/\/www.youtube.com\/channel\/UCXCEvEdyx7O2wC3nXsAFTZg\"]}]}<\/script>\n<!-- \/ Yoast SEO plugin. -->","yoast_head_json":{"title":"Preise & Verf\u00fcgbarkeit Kalender Hotel Villas Rio Mar, Dominical, Costa Rica","description":"Informieren Sie sich \u00fcber unsere Preise f\u00fcr Ihren Aufenthalt in Dominical & Uvita, Costa Rica. Wir bieten die niedrigsten Online-Tarife an und haben immer einige Sonderangebote laufen!","robots":{"index":"index","follow":"follow","max-snippet":"max-snippet:-1","max-image-preview":"max-image-preview:large","max-video-preview":"max-video-preview:-1"},"canonical":"https:\/\/www.villasriomar.com\/de\/zimmer-preise-buchen\/preise-verfuegbarkeit-hotel\/","og_locale":"de_DE","og_type":"article","og_title":"Preise & Verf\u00fcgbarkeit Kalender Hotel Villas Rio Mar, Dominical, Costa Rica","og_description":"Informieren Sie sich \u00fcber unsere Preise f\u00fcr Ihren Aufenthalt in Dominical & Uvita, Costa Rica. Wir bieten die niedrigsten Online-Tarife an und haben immer einige Sonderangebote laufen!","og_url":"https:\/\/www.villasriomar.com\/de\/zimmer-preise-buchen\/preise-verfuegbarkeit-hotel\/","og_site_name":"Villas Rio Mar | Eco Hotel in Dominical &amp; Uvita, Costa Rica","article_publisher":"https:\/\/www.facebook.com\/villasriomar\/","article_modified_time":"2025-05-08T11:38:51+00:00","og_image":[{"width":1024,"height":600,"url":"https:\/\/www.villasriomar.com\/vrm\/wp-content\/uploads\/2017\/04\/junior-suite-new-2-1024-600.jpg","type":"image\/jpeg"}],"twitter_card":"summary_large_image","twitter_site":"@VillasRioMar","twitter_misc":{"Gesch\u00e4tzte Lesezeit":"2\u00a0Minuten"},"schema":{"@context":"https:\/\/schema.org","@graph":[{"@type":"WebPage","@id":"https:\/\/www.villasriomar.com\/de\/zimmer-preise-buchen\/preise-verfuegbarkeit-hotel\/","url":"https:\/\/www.villasriomar.com\/de\/zimmer-preise-buchen\/preise-verfuegbarkeit-hotel\/","name":"Preise & Verf\u00fcgbarkeit Kalender Hotel Villas Rio Mar, Dominical, Costa Rica","isPartOf":{"@id":"https:\/\/www.villasriomar.com\/de\/#website"},"primaryImageOfPage":{"@id":"https:\/\/www.villasriomar.com\/de\/zimmer-preise-buchen\/preise-verfuegbarkeit-hotel\/#primaryimage"},"image":{"@id":"https:\/\/www.villasriomar.com\/de\/zimmer-preise-buchen\/preise-verfuegbarkeit-hotel\/#primaryimage"},"thumbnailUrl":"https:\/\/www.villasriomar.com\/vrm\/wp-content\/uploads\/2017\/04\/junior-suite-new-2-1024-600.jpg","datePublished":"2018-02-01T22:35:53+00:00","dateModified":"2025-05-08T11:38:51+00:00","description":"Informieren Sie sich \u00fcber unsere Preise f\u00fcr Ihren Aufenthalt in Dominical & Uvita, Costa Rica. Wir bieten die niedrigsten Online-Tarife an und haben immer einige Sonderangebote laufen!","breadcrumb":{"@id":"https:\/\/www.villasriomar.com\/de\/zimmer-preise-buchen\/preise-verfuegbarkeit-hotel\/#breadcrumb"},"inLanguage":"de","potentialAction":[{"@type":"ReadAction","target":["https:\/\/www.villasriomar.com\/de\/zimmer-preise-buchen\/preise-verfuegbarkeit-hotel\/"]}]},{"@type":"ImageObject","inLanguage":"de","@id":"https:\/\/www.villasriomar.com\/de\/zimmer-preise-buchen\/preise-verfuegbarkeit-hotel\/#primaryimage","url":"https:\/\/www.villasriomar.com\/vrm\/wp-content\/uploads\/2017\/04\/junior-suite-new-2-1024-600.jpg","contentUrl":"https:\/\/www.villasriomar.com\/vrm\/wp-content\/uploads\/2017\/04\/junior-suite-new-2-1024-600.jpg","width":1024,"height":600,"caption":"Zimmer Villas Rio Mar, Hotel in Dominical Costa Rica"},{"@type":"BreadcrumbList","@id":"https:\/\/www.villasriomar.com\/de\/zimmer-preise-buchen\/preise-verfuegbarkeit-hotel\/#breadcrumb","itemListElement":[{"@type":"ListItem","position":1,"name":"Home","item":"https:\/\/www.villasriomar.com\/de\/home\/"},{"@type":"ListItem","position":2,"name":"Zimmer &#8211; Preise &#8211; Buchen","item":"https:\/\/www.villasriomar.com\/de\/zimmer-preise-buchen\/"},{"@type":"ListItem","position":3,"name":"Preise &amp; Verf\u00fcgbarkeit Hotel Villas Rio Mar"}]},{"@type":"WebSite","@id":"https:\/\/www.villasriomar.com\/de\/#website","url":"https:\/\/www.villasriomar.com\/de\/","name":"Villas Rio Mar | Eco Hotel in Dominical &amp; Uvita, Costa Rica","description":"Eco hotel 10 min. walk from Playa Dominical. Many amenities: tropical gardens, quality restaurant, big pool, AC rooms, free Wi-Fi +++. Lots to do!","publisher":{"@id":"https:\/\/www.villasriomar.com\/de\/#organization"},"potentialAction":[{"@type":"SearchAction","target":{"@type":"EntryPoint","urlTemplate":"https:\/\/www.villasriomar.com\/de\/?s={search_term_string}"},"query-input":{"@type":"PropertyValueSpecification","valueRequired":true,"valueName":"search_term_string"}}],"inLanguage":"de"},{"@type":"Organization","@id":"https:\/\/www.villasriomar.com\/de\/#organization","name":"Villas Rio Mar Hotel","url":"https:\/\/www.villasriomar.com\/de\/","logo":{"@type":"ImageObject","inLanguage":"de","@id":"https:\/\/www.villasriomar.com\/de\/#\/schema\/logo\/image\/","url":"https:\/\/www.villasriomar.com\/vrm\/wp-content\/uploads\/2024\/08\/RIO-MAR-LOGO_Mesa-de-trabajo-1.png","contentUrl":"https:\/\/www.villasriomar.com\/vrm\/wp-content\/uploads\/2024\/08\/RIO-MAR-LOGO_Mesa-de-trabajo-1.png","width":3300,"height":907,"caption":"Villas Rio Mar Hotel"},"image":{"@id":"https:\/\/www.villasriomar.com\/de\/#\/schema\/logo\/image\/"},"sameAs":["https:\/\/www.facebook.com\/villasriomar\/","https:\/\/x.com\/VillasRioMar","https:\/\/www.instagram.com\/hotel_villas_rio_mar\/","https:\/\/www.linkedin.com\/company\/villas-rio-mar","https:\/\/www.pinterest.com\/villasriomar\/","https:\/\/www.youtube.com\/channel\/UCXCEvEdyx7O2wC3nXsAFTZg"]}]}},"_links":{"self":[{"href":"https:\/\/www.villasriomar.com\/de\/wp-json\/wp\/v2\/pages\/35827","targetHints":{"allow":["GET"]}}],"collection":[{"href":"https:\/\/www.villasriomar.com\/de\/wp-json\/wp\/v2\/pages"}],"about":[{"href":"https:\/\/www.villasriomar.com\/de\/wp-json\/wp\/v2\/types\/page"}],"author":[{"embeddable":true,"href":"https:\/\/www.villasriomar.com\/de\/wp-json\/wp\/v2\/users\/13"}],"replies":[{"embeddable":true,"href":"https:\/\/www.villasriomar.com\/de\/wp-json\/wp\/v2\/comments?post=35827"}],"version-history":[{"count":0,"href":"https:\/\/www.villasriomar.com\/de\/wp-json\/wp\/v2\/pages\/35827\/revisions"}],"up":[{"embeddable":true,"href":"https:\/\/www.villasriomar.com\/de\/wp-json\/wp\/v2\/pages\/46491"}],"wp:featuredmedia":[{"embeddable":true,"href":"https:\/\/www.villasriomar.com\/de\/wp-json\/wp\/v2\/media\/35830"}],"wp:attachment":[{"href":"https:\/\/www.villasriomar.com\/de\/wp-json\/wp\/v2\/media?parent=35827"}],"curies":[{"name":"wp","href":"https:\/\/api.w.org\/{rel}","templated":true}]}}